{"id":12158,"date":"2020-12-25T19:00:54","date_gmt":"2020-12-25T18:00:54","guid":{"rendered":"https:\/\/dorafilm.hu\/contact\/"},"modified":"2026-04-08T23:34:03","modified_gmt":"2026-04-08T21:34:03","slug":"contact","status":"publish","type":"page","link":"https:\/\/dorafilm.hu\/en\/contact\/","title":{"rendered":"Contact"},"content":{"rendered":"\t\t<div data-elementor-type=\"wp-page\" data-elementor-id=\"12158\" class=\"elementor elementor-12158 elementor-24\" data-elementor-post-type=\"page\">\n\t\t\t\t\t\t<section class=\"elementor-section elementor-top-section elementor-element elementor-element-c686b16 elementor-section-full_width elementor-section-height-min-height elementor-section-items-stretch elementor-section-height-default\" data-id=\"c686b16\" data-element_type=\"section\" data-e-type=\"section\" data-settings=\"{&quot;background_background&quot;:&quot;classic&quot;}\">\n\t\t\t\t\t\t<div class=\"elementor-container elementor-column-gap-default\">\n\t\t\t\t\t<div class=\"elementor-column elementor-col-33 elementor-top-column elementor-element elementor-element-9c8607b elementor-invisible\" data-id=\"9c8607b\" data-element_type=\"column\" data-e-type=\"column\" data-settings=\"{&quot;background_background&quot;:&quot;classic&quot;,&quot;animation&quot;:&quot;fadeInUp&quot;}\">\n\t\t\t<div class=\"elementor-widget-wrap elementor-element-populated\">\n\t\t\t\t\t\t<div class=\"elementor-element elementor-element-aed851e elementor-widget elementor-widget-spacer\" data-id=\"aed851e\" data-element_type=\"widget\" data-e-type=\"widget\" data-widget_type=\"spacer.default\">\n\t\t\t\t<div class=\"elementor-widget-container\">\n\t\t\t\t\t\t\t<div class=\"elementor-spacer\">\n\t\t\t<div class=\"elementor-spacer-inner\"><\/div>\n\t\t<\/div>\n\t\t\t\t\t\t<\/div>\n\t\t\t\t<\/div>\n\t\t\t\t\t<\/div>\n\t\t<\/div>\n\t\t\t\t<div class=\"elementor-column elementor-col-33 elementor-top-column elementor-element elementor-element-f745a58\" data-id=\"f745a58\" data-element_type=\"column\" data-e-type=\"column\">\n\t\t\t<div class=\"elementor-widget-wrap elementor-element-populated\">\n\t\t\t\t\t\t<div class=\"elementor-element elementor-element-3d85a8c elementor-widget elementor-widget-heading\" data-id=\"3d85a8c\" data-element_type=\"widget\" data-e-type=\"widget\" data-widget_type=\"heading.default\">\n\t\t\t\t<div class=\"elementor-widget-container\">\n\t\t\t\t\t<h1 class=\"elementor-heading-title elementor-size-default\">Wedding &amp; Lifestyle photographer<br>connection and availability<\/h1>\t\t\t\t<\/div>\n\t\t\t\t<\/div>\n\t\t\t\t<div class=\"elementor-element elementor-element-bdfd0ce elementor-invisible elementor-widget elementor-widget-heading\" data-id=\"bdfd0ce\" data-element_type=\"widget\" data-e-type=\"widget\" data-settings=\"{&quot;_animation&quot;:&quot;fadeInUp&quot;}\" data-widget_type=\"heading.default\">\n\t\t\t\t<div class=\"elementor-widget-container\">\n\t\t\t\t\t<h1 class=\"elementor-heading-title elementor-size-default\">Dora S\u00e9n\u00e1s<\/h1>\t\t\t\t<\/div>\n\t\t\t\t<\/div>\n\t\t\t\t<section class=\"elementor-section elementor-inner-section elementor-element elementor-element-049738f elementor-section-boxed elementor-section-height-default elementor-section-height-default\" data-id=\"049738f\" data-element_type=\"section\" data-e-type=\"section\">\n\t\t\t\t\t\t<div class=\"elementor-container elementor-column-gap-default\">\n\t\t\t\t\t<div class=\"elementor-column elementor-col-33 elementor-inner-column elementor-element elementor-element-c1f59cf\" data-id=\"c1f59cf\" data-element_type=\"column\" data-e-type=\"column\">\n\t\t\t<div class=\"elementor-widget-wrap elementor-element-populated\">\n\t\t\t\t\t\t<div class=\"elementor-element elementor-element-c908666 elementor-view-default elementor-widget elementor-widget-icon\" data-id=\"c908666\" data-element_type=\"widget\" data-e-type=\"widget\" data-widget_type=\"icon.default\">\n\t\t\t\t<div class=\"elementor-widget-container\">\n\t\t\t\t\t\t\t<div class=\"elementor-icon-wrapper\">\n\t\t\t<div class=\"elementor-icon\">\n\t\t\t<i aria-hidden=\"true\" class=\"far fa-smile-beam\"><\/i>\t\t\t<\/div>\n\t\t<\/div>\n\t\t\t\t\t\t<\/div>\n\t\t\t\t<\/div>\n\t\t\t\t<div class=\"elementor-element elementor-element-689e58c elementor-widget elementor-widget-heading\" data-id=\"689e58c\" data-element_type=\"widget\" data-e-type=\"widget\" data-widget_type=\"heading.default\">\n\t\t\t\t<div class=\"elementor-widget-container\">\n\t\t\t\t\t<h2 class=\"elementor-heading-title elementor-size-default\">Name<\/h2>\t\t\t\t<\/div>\n\t\t\t\t<\/div>\n\t\t\t\t<div class=\"elementor-element elementor-element-81bd8c4 elementor-widget elementor-widget-text-editor\" data-id=\"81bd8c4\" data-element_type=\"widget\" data-e-type=\"widget\" data-widget_type=\"text-editor.default\">\n\t\t\t\t<div class=\"elementor-widget-container\">\n\t\t\t\t\t\t\t\t\t<p>Dori S\u00e9n\u00e1s<\/p>\n\t\t\t\t\t\t\t\t<\/div>\n\t\t\t\t<\/div>\n\t\t\t\t\t<\/div>\n\t\t<\/div>\n\t\t\t\t<div class=\"elementor-column elementor-col-33 elementor-inner-column elementor-element elementor-element-020219d\" data-id=\"020219d\" data-element_type=\"column\" data-e-type=\"column\">\n\t\t\t<div class=\"elementor-widget-wrap elementor-element-populated\">\n\t\t\t\t\t\t<div class=\"elementor-element elementor-element-faab1ef elementor-view-default elementor-widget elementor-widget-icon\" data-id=\"faab1ef\" data-element_type=\"widget\" data-e-type=\"widget\" data-widget_type=\"icon.default\">\n\t\t\t\t<div class=\"elementor-widget-container\">\n\t\t\t\t\t\t\t<div class=\"elementor-icon-wrapper\">\n\t\t\t<a class=\"elementor-icon\" href=\"\">\n\t\t\t<i aria-hidden=\"true\" class=\"fas fa-phone\"><\/i>\t\t\t<\/a>\n\t\t<\/div>\n\t\t\t\t\t\t<\/div>\n\t\t\t\t<\/div>\n\t\t\t\t<div class=\"elementor-element elementor-element-d118785 elementor-widget elementor-widget-heading\" data-id=\"d118785\" data-element_type=\"widget\" data-e-type=\"widget\" data-widget_type=\"heading.default\">\n\t\t\t\t<div class=\"elementor-widget-container\">\n\t\t\t\t\t<h2 class=\"elementor-heading-title elementor-size-default\"><a href=\"\">Phone number<\/a><\/h2>\t\t\t\t<\/div>\n\t\t\t\t<\/div>\n\t\t\t\t<div class=\"elementor-element elementor-element-4d7e26c elementor-widget elementor-widget-text-editor\" data-id=\"4d7e26c\" data-element_type=\"widget\" data-e-type=\"widget\" data-widget_type=\"text-editor.default\">\n\t\t\t\t<div class=\"elementor-widget-container\">\n\t\t\t\t\t\t\t\t\t<p><a style=\"color: #000000;\" href=\"tel:+36707790206\" target=\"_blank\" rel=\"noopener\">+36 70 779 02 06<\/a><\/p>\n\t\t\t\t\t\t\t\t<\/div>\n\t\t\t\t<\/div>\n\t\t\t\t\t<\/div>\n\t\t<\/div>\n\t\t\t\t<div class=\"elementor-column elementor-col-33 elementor-inner-column elementor-element elementor-element-341fed5\" data-id=\"341fed5\" data-element_type=\"column\" data-e-type=\"column\">\n\t\t\t<div class=\"elementor-widget-wrap elementor-element-populated\">\n\t\t\t\t\t\t<div class=\"elementor-element elementor-element-193a2ac elementor-view-default elementor-widget elementor-widget-icon\" data-id=\"193a2ac\" data-element_type=\"widget\" data-e-type=\"widget\" data-widget_type=\"icon.default\">\n\t\t\t\t<div class=\"elementor-widget-container\">\n\t\t\t\t\t\t\t<div class=\"elementor-icon-wrapper\">\n\t\t\t<a class=\"elementor-icon\" href=\"mailto:info@dorafilm.hu\">\n\t\t\t<i aria-hidden=\"true\" class=\"far fa-folder-open\"><\/i>\t\t\t<\/a>\n\t\t<\/div>\n\t\t\t\t\t\t<\/div>\n\t\t\t\t<\/div>\n\t\t\t\t<div class=\"elementor-element elementor-element-9829b56 elementor-widget elementor-widget-heading\" data-id=\"9829b56\" data-element_type=\"widget\" data-e-type=\"widget\" data-widget_type=\"heading.default\">\n\t\t\t\t<div class=\"elementor-widget-container\">\n\t\t\t\t\t<h2 class=\"elementor-heading-title elementor-size-default\"><a href=\"mailto:info@dorafilm.hu\">E-mail address\n<\/a><\/h2>\t\t\t\t<\/div>\n\t\t\t\t<\/div>\n\t\t\t\t<div class=\"elementor-element elementor-element-3b28917 elementor-widget elementor-widget-text-editor\" data-id=\"3b28917\" data-element_type=\"widget\" data-e-type=\"widget\" data-widget_type=\"text-editor.default\">\n\t\t\t\t<div class=\"elementor-widget-container\">\n\t\t\t\t\t\t\t\t\t<p><a style=\"color: #000000;\" href=\"mailto:info@dorafilm.hu\" target=\"_blank\" rel=\"noopener\">info@dorafilm.hu<\/a><\/p>\n\t\t\t\t\t\t\t\t<\/div>\n\t\t\t\t<\/div>\n\t\t\t\t\t<\/div>\n\t\t<\/div>\n\t\t\t\t\t<\/div>\n\t\t<\/section>\n\t\t\t\t<section class=\"elementor-section elementor-inner-section elementor-element elementor-element-3bc7457 elementor-section-boxed elementor-section-height-default elementor-section-height-default\" data-id=\"3bc7457\" data-element_type=\"section\" data-e-type=\"section\">\n\t\t\t\t\t\t<div class=\"elementor-container elementor-column-gap-default\">\n\t\t\t\t\t<div class=\"elementor-column elementor-col-33 elementor-inner-column elementor-element elementor-element-707d29a\" data-id=\"707d29a\" data-element_type=\"column\" data-e-type=\"column\">\n\t\t\t<div class=\"elementor-widget-wrap elementor-element-populated\">\n\t\t\t\t\t\t<div class=\"elementor-element elementor-element-cb03730 elementor-view-default elementor-widget elementor-widget-icon\" data-id=\"cb03730\" data-element_type=\"widget\" data-e-type=\"widget\" data-widget_type=\"icon.default\">\n\t\t\t\t<div class=\"elementor-widget-container\">\n\t\t\t\t\t\t\t<div class=\"elementor-icon-wrapper\">\n\t\t\t<div class=\"elementor-icon\">\n\t\t\t<i aria-hidden=\"true\" class=\"fas fa-home\"><\/i>\t\t\t<\/div>\n\t\t<\/div>\n\t\t\t\t\t\t<\/div>\n\t\t\t\t<\/div>\n\t\t\t\t<div class=\"elementor-element elementor-element-457051f elementor-widget elementor-widget-heading\" data-id=\"457051f\" data-element_type=\"widget\" data-e-type=\"widget\" data-widget_type=\"heading.default\">\n\t\t\t\t<div class=\"elementor-widget-container\">\n\t\t\t\t\t<h2 class=\"elementor-heading-title elementor-size-default\">City<\/h2>\t\t\t\t<\/div>\n\t\t\t\t<\/div>\n\t\t\t\t<div class=\"elementor-element elementor-element-a9d0e24 elementor-widget elementor-widget-text-editor\" data-id=\"a9d0e24\" data-element_type=\"widget\" data-e-type=\"widget\" data-widget_type=\"text-editor.default\">\n\t\t\t\t<div class=\"elementor-widget-container\">\n\t\t\t\t\t\t\t\t\t<p>Budapest<\/p>\n\t\t\t\t\t\t\t\t<\/div>\n\t\t\t\t<\/div>\n\t\t\t\t\t<\/div>\n\t\t<\/div>\n\t\t\t\t<div class=\"elementor-column elementor-col-33 elementor-inner-column elementor-element elementor-element-a314fa9\" data-id=\"a314fa9\" data-element_type=\"column\" data-e-type=\"column\">\n\t\t\t<div class=\"elementor-widget-wrap elementor-element-populated\">\n\t\t\t\t\t\t<div class=\"elementor-element elementor-element-544e5cb elementor-view-default elementor-widget elementor-widget-icon\" data-id=\"544e5cb\" data-element_type=\"widget\" data-e-type=\"widget\" data-widget_type=\"icon.default\">\n\t\t\t\t<div class=\"elementor-widget-container\">\n\t\t\t\t\t\t\t<div class=\"elementor-icon-wrapper\">\n\t\t\t<a class=\"elementor-icon\" href=\"https:\/\/www.instagram.com\/dorafilm.hu\">\n\t\t\t<i aria-hidden=\"true\" class=\"fab fa-instagram\"><\/i>\t\t\t<\/a>\n\t\t<\/div>\n\t\t\t\t\t\t<\/div>\n\t\t\t\t<\/div>\n\t\t\t\t<div class=\"elementor-element elementor-element-89550ef elementor-widget elementor-widget-heading\" data-id=\"89550ef\" data-element_type=\"widget\" data-e-type=\"widget\" data-widget_type=\"heading.default\">\n\t\t\t\t<div class=\"elementor-widget-container\">\n\t\t\t\t\t<h2 class=\"elementor-heading-title elementor-size-default\"><a href=\"https:\/\/www.instagram.com\/dorafilm.hu\">Instagram<\/a><\/h2>\t\t\t\t<\/div>\n\t\t\t\t<\/div>\n\t\t\t\t<div class=\"elementor-element elementor-element-bd4ff4c elementor-widget elementor-widget-text-editor\" data-id=\"bd4ff4c\" data-element_type=\"widget\" data-e-type=\"widget\" data-widget_type=\"text-editor.default\">\n\t\t\t\t<div class=\"elementor-widget-container\">\n\t\t\t\t\t\t\t\t\t<p><a style=\"color: #000000;\" href=\"https:\/\/www.instagram.com\/dorafilm.hu\" target=\"_blank\" rel=\"noopener\">@dorafilm.hu<\/a><\/p>\n\t\t\t\t\t\t\t\t<\/div>\n\t\t\t\t<\/div>\n\t\t\t\t\t<\/div>\n\t\t<\/div>\n\t\t\t\t<div class=\"elementor-column elementor-col-33 elementor-inner-column elementor-element elementor-element-d6d35c5\" data-id=\"d6d35c5\" data-element_type=\"column\" data-e-type=\"column\">\n\t\t\t<div class=\"elementor-widget-wrap elementor-element-populated\">\n\t\t\t\t\t\t<div class=\"elementor-element elementor-element-f67883e elementor-view-default elementor-widget elementor-widget-icon\" data-id=\"f67883e\" data-element_type=\"widget\" data-e-type=\"widget\" data-widget_type=\"icon.default\">\n\t\t\t\t<div class=\"elementor-widget-container\">\n\t\t\t\t\t\t\t<div class=\"elementor-icon-wrapper\">\n\t\t\t<a class=\"elementor-icon\" href=\"https:\/\/www.facebook.com\/dfproduction.hu\" target=\"_blank\" rel=\"noopener\">\n\t\t\t<i aria-hidden=\"true\" class=\"fab fa-facebook-square\"><\/i>\t\t\t<\/a>\n\t\t<\/div>\n\t\t\t\t\t\t<\/div>\n\t\t\t\t<\/div>\n\t\t\t\t<div class=\"elementor-element elementor-element-490428d elementor-widget elementor-widget-heading\" data-id=\"490428d\" data-element_type=\"widget\" data-e-type=\"widget\" data-widget_type=\"heading.default\">\n\t\t\t\t<div class=\"elementor-widget-container\">\n\t\t\t\t\t<h2 class=\"elementor-heading-title elementor-size-default\"><a href=\"https:\/\/www.facebook.com\/dfproduction.hu\" target=\"_blank\" rel=\"noopener\">Facebook<\/a><\/h2>\t\t\t\t<\/div>\n\t\t\t\t<\/div>\n\t\t\t\t<div class=\"elementor-element elementor-element-c939fee elementor-widget elementor-widget-text-editor\" data-id=\"c939fee\" data-element_type=\"widget\" data-e-type=\"widget\" data-widget_type=\"text-editor.default\">\n\t\t\t\t<div class=\"elementor-widget-container\">\n\t\t\t\t\t\t\t\t\t<p><a style=\"color: #000000;\" href=\"https:\/\/www.facebook.com\/dfproduction.hu\/\" target=\"_blank\" rel=\"noopener\">@DF Production<\/a><\/p>\n\t\t\t\t\t\t\t\t<\/div>\n\t\t\t\t<\/div>\n\t\t\t\t\t<\/div>\n\t\t<\/div>\n\t\t\t\t\t<\/div>\n\t\t<\/section>\n\t\t\t\t\t<\/div>\n\t\t<\/div>\n\t\t\t\t<div class=\"elementor-column elementor-col-33 elementor-top-column elementor-element elementor-element-6ee2268\" data-id=\"6ee2268\" data-element_type=\"column\" data-e-type=\"column\">\n\t\t\t<div class=\"elementor-widget-wrap elementor-element-populated\">\n\t\t\t\t\t\t<div class=\"elementor-element elementor-element-af21436 elementor-invisible elementor-widget elementor-widget-heading\" data-id=\"af21436\" data-element_type=\"widget\" data-e-type=\"widget\" data-settings=\"{&quot;_animation&quot;:&quot;fadeInUp&quot;}\" data-widget_type=\"heading.default\">\n\t\t\t\t<div class=\"elementor-widget-container\">\n\t\t\t\t\t<h2 class=\"elementor-heading-title elementor-size-default\">Contact me &amp; Message me!<\/h2>\t\t\t\t<\/div>\n\t\t\t\t<\/div>\n\t\t\t\t<div class=\"elementor-element elementor-element-3e196ef elementor-button-align-stretch elementor-widget elementor-widget-form\" data-id=\"3e196ef\" data-element_type=\"widget\" data-e-type=\"widget\" data-settings=\"{&quot;step_next_label&quot;:&quot;Following&quot;,&quot;step_previous_label&quot;:&quot;Previous&quot;,&quot;step_type&quot;:&quot;none&quot;,&quot;button_width&quot;:&quot;100&quot;,&quot;step_icon_shape&quot;:&quot;circle&quot;}\" data-widget_type=\"form.default\">\n\t\t\t\t<div class=\"elementor-widget-container\">\n\t\t\t\t\t\t\t<form class=\"elementor-form\" method=\"post\" name=\"Requests\" aria-label=\"Requests\">\n\t\t\t<input type=\"hidden\" name=\"post_id\" value=\"12158\"\/>\n\t\t\t<input type=\"hidden\" name=\"form_id\" value=\"3e196ef\"\/>\n\t\t\t<input type=\"hidden\" name=\"referer_title\" value=\"Contact \u2013 Dora Film Photography\" \/>\n\n\t\t\t\t\t\t\t<input type=\"hidden\" name=\"queried_id\" value=\"12158\"\/>\n\t\t\t\n\t\t\t<div class=\"elementor-form-fields-wrapper elementor-labels-above\">\n\t\t\t\t\t\t\t\t<div class=\"elementor-field-type-text elementor-field-group elementor-column elementor-field-group-name elementor-col-50 elementor-field-required elementor-mark-required\">\n\t\t\t\t\t\t\t\t\t\t\t\t<label for=\"form-field-name\" class=\"elementor-field-label\">\n\t\t\t\t\t\t\t\tName\t\t\t\t\t\t\t<\/label>\n\t\t\t\t\t\t\t\t\t\t\t\t\t\t<input size=\"1\" type=\"text\" name=\"form_fields[name]\" id=\"form-field-name\" class=\"elementor-field elementor-size-sm  elementor-field-textual\" placeholder=\"Your full name\" required=\"required\">\n\t\t\t\t\t\t\t\t\t\t\t<\/div>\n\t\t\t\t\t\t\t\t<div class=\"elementor-field-type-email elementor-field-group elementor-column elementor-field-group-email elementor-col-50 elementor-field-required elementor-mark-required\">\n\t\t\t\t\t\t\t\t\t\t\t\t<label for=\"form-field-email\" class=\"elementor-field-label\">\n\t\t\t\t\t\t\t\tE-mail address\t\t\t\t\t\t\t<\/label>\n\t\t\t\t\t\t\t\t\t\t\t\t\t\t<input size=\"1\" type=\"email\" name=\"form_fields[email]\" id=\"form-field-email\" class=\"elementor-field elementor-size-sm  elementor-field-textual\" placeholder=\"What you use, where I can get it\" required=\"required\">\n\t\t\t\t\t\t\t\t\t\t\t<\/div>\n\t\t\t\t\t\t\t\t<div class=\"elementor-field-type-checkbox elementor-field-group elementor-column elementor-field-group-field_fe6b8ea elementor-col-80\">\n\t\t\t\t\t\t\t\t\t\t\t\t<label for=\"form-field-field_fe6b8ea\" class=\"elementor-field-label\">\n\t\t\t\t\t\t\t\tSzolg\u00e1ltat\u00e1s t\u00edpusa\t\t\t\t\t\t\t<\/label>\n\t\t\t\t\t\t<div class=\"elementor-field-subgroup  elementor-subgroup-inline\"><span class=\"elementor-field-option\"><input type=\"checkbox\" value=\"Wedding photography\" id=\"form-field-field_fe6b8ea-0\" name=\"form_fields[field_fe6b8ea][]\"> <label for=\"form-field-field_fe6b8ea-0\">Wedding photography<\/label><\/span><span class=\"elementor-field-option\"><input type=\"checkbox\" value=\"Engagement photography\" id=\"form-field-field_fe6b8ea-1\" name=\"form_fields[field_fe6b8ea][]\"> <label for=\"form-field-field_fe6b8ea-1\">Engagement photography<\/label><\/span><span class=\"elementor-field-option\"><input type=\"checkbox\" value=\"Online Invitation\" id=\"form-field-field_fe6b8ea-2\" name=\"form_fields[field_fe6b8ea][]\"> <label for=\"form-field-field_fe6b8ea-2\">Online Invitation<\/label><\/span><span class=\"elementor-field-option\"><input type=\"checkbox\" value=\"Selfie Mirror \/ Selfie Machine\" id=\"form-field-field_fe6b8ea-3\" name=\"form_fields[field_fe6b8ea][]\"> <label for=\"form-field-field_fe6b8ea-3\">Selfie Mirror \/ Selfie Machine<\/label><\/span><span class=\"elementor-field-option\"><input type=\"checkbox\" value=\"Maternity photography\" id=\"form-field-field_fe6b8ea-4\" name=\"form_fields[field_fe6b8ea][]\"> <label for=\"form-field-field_fe6b8ea-4\">Maternity photography<\/label><\/span><span class=\"elementor-field-option\"><input type=\"checkbox\" value=\"Family Photography\" id=\"form-field-field_fe6b8ea-5\" name=\"form_fields[field_fe6b8ea][]\"> <label for=\"form-field-field_fe6b8ea-5\">Family Photography<\/label><\/span><span class=\"elementor-field-option\"><input type=\"checkbox\" value=\"Couples Photography\" id=\"form-field-field_fe6b8ea-6\" name=\"form_fields[field_fe6b8ea][]\"> <label for=\"form-field-field_fe6b8ea-6\">Couples Photography<\/label><\/span><span class=\"elementor-field-option\"><input type=\"checkbox\" value=\"Photography as a gift\" id=\"form-field-field_fe6b8ea-7\" name=\"form_fields[field_fe6b8ea][]\"> <label for=\"form-field-field_fe6b8ea-7\">Photography as a gift<\/label><\/span><span class=\"elementor-field-option\"><input type=\"checkbox\" value=\"+Wedding Video\" id=\"form-field-field_fe6b8ea-8\" name=\"form_fields[field_fe6b8ea][]\"> <label for=\"form-field-field_fe6b8ea-8\">+Wedding Video<\/label><\/span><\/div>\t\t\t\t<\/div>\n\t\t\t\t\t\t\t\t<div class=\"elementor-field-type-checkbox elementor-field-group elementor-column elementor-field-group-field_fc7ea34 elementor-col-80\">\n\t\t\t\t\t\t\t\t\t\t\t\t<label for=\"form-field-field_fc7ea34\" class=\"elementor-field-label\">\n\t\t\t\t\t\t\t\tHol tal\u00e1lt\u00e1l r\u00e1m?\t\t\t\t\t\t\t<\/label>\n\t\t\t\t\t\t<div class=\"elementor-field-subgroup  elementor-subgroup-inline\"><span class=\"elementor-field-option\"><input type=\"checkbox\" value=\"Facebook\" id=\"form-field-field_fc7ea34-0\" name=\"form_fields[field_fc7ea34][]\"> <label for=\"form-field-field_fc7ea34-0\">Facebook<\/label><\/span><span class=\"elementor-field-option\"><input type=\"checkbox\" value=\"Instagram\" id=\"form-field-field_fc7ea34-1\" name=\"form_fields[field_fc7ea34][]\"> <label for=\"form-field-field_fc7ea34-1\">Instagram<\/label><\/span><span class=\"elementor-field-option\"><input type=\"checkbox\" value=\"Google\" id=\"form-field-field_fc7ea34-2\" name=\"form_fields[field_fc7ea34][]\"> <label for=\"form-field-field_fc7ea34-2\">Google<\/label><\/span><span class=\"elementor-field-option\"><input type=\"checkbox\" value=\"Recommendation\" id=\"form-field-field_fc7ea34-3\" name=\"form_fields[field_fc7ea34][]\"> <label for=\"form-field-field_fc7ea34-3\">Recommendation<\/label><\/span><span class=\"elementor-field-option\"><input type=\"checkbox\" value=\"Advertising\" id=\"form-field-field_fc7ea34-4\" name=\"form_fields[field_fc7ea34][]\"> <label for=\"form-field-field_fc7ea34-4\">Advertising<\/label><\/span><span class=\"elementor-field-option\"><input type=\"checkbox\" value=\"Other\" id=\"form-field-field_fc7ea34-5\" name=\"form_fields[field_fc7ea34][]\"> <label for=\"form-field-field_fc7ea34-5\">Other<\/label><\/span><\/div>\t\t\t\t<\/div>\n\t\t\t\t\t\t\t\t<div class=\"elementor-field-type-textarea elementor-field-group elementor-column elementor-field-group-message elementor-col-100\">\n\t\t\t\t\t\t\t\t\t\t\t\t<label for=\"form-field-message\" class=\"elementor-field-label\">\n\t\t\t\t\t\t\t\tMessage\t\t\t\t\t\t\t<\/label>\n\t\t\t\t\t\t<textarea class=\"elementor-field-textual elementor-field  elementor-size-sm\" name=\"form_fields[message]\" id=\"form-field-message\" rows=\"4\" placeholder=\"Write the details and what ideas you have! :)\"><\/textarea>\t\t\t\t<\/div>\n\t\t\t\t\t\t\t\t<div class=\"elementor-field-type-acceptance elementor-field-group elementor-column elementor-field-group-field_1f07db0 elementor-col-100 elementor-field-required elementor-mark-required\">\n\t\t\t\t\t\t\t\t\t\t\t\t<label for=\"form-field-field_1f07db0\" class=\"elementor-field-label\">\n\t\t\t\t\t\t\t\tData handling\t\t\t\t\t\t\t<\/label>\n\t\t\t\t\t\t\t\t<div class=\"elementor-field-subgroup\">\n\t\t\t<span class=\"elementor-field-option\">\n\t\t\t\t<input type=\"checkbox\" name=\"form_fields[field_1f07db0]\" id=\"form-field-field_1f07db0\" class=\"elementor-field elementor-size-sm  elementor-acceptance-field\" required=\"required\">\n\t\t\t\t<label for=\"form-field-field_1f07db0\">I accept thatdata <a href=\"https:\/\/dorafilm.hu\/wp-content\/uploads\/Adatkezelesi-szabalyzat_Dora-Film.pdf\" target=\"_blank\" rel=\"noopener\">protection information<\/a><\/label>\t\t\t<\/span>\n\t\t<\/div>\n\t\t\t\t\t\t<\/div>\n\t\t\t\t\t\t\t\t<div class=\"elementor-field-type-text\">\n\t\t\t\t\t<input size=\"1\" type=\"text\" name=\"form_fields[field_c2bdbd7]\" id=\"form-field-field_c2bdbd7\" class=\"elementor-field elementor-size-sm \" style=\"display:none !important;\">\t\t\t\t<\/div>\n\t\t\t\t\t\t\t\t<div class=\"elementor-field-type-recaptcha elementor-field-group elementor-column elementor-field-group-field_0f53480 elementor-col-100\">\n\t\t\t\t\t<div class=\"elementor-field\" id=\"form-field-field_0f53480\"><div class=\"elementor-g-recaptcha\" data-sitekey=\"6LcbqmAgAAAAABOj8CA9ncsyfyy-jzrHtwGXpuAv\" data-type=\"v2_checkbox\" data-theme=\"light\" data-size=\"normal\"><\/div><\/div>\t\t\t\t<\/div>\n\t\t\t\t\t\t\t\t<div class=\"elementor-field-group elementor-column elementor-field-type-submit elementor-col-100 e-form__buttons\">\n\t\t\t\t\t<button class=\"elementor-button elementor-size-xl\" type=\"submit\">\n\t\t\t\t\t\t<span class=\"elementor-button-content-wrapper\">\n\t\t\t\t\t\t\t\t\t\t\t\t\t\t\t\t\t\t\t\t\t\t<span class=\"elementor-button-text\">Sending<\/span>\n\t\t\t\t\t\t\t\t\t\t\t\t\t<\/span>\n\t\t\t\t\t<\/button>\n\t\t\t\t<\/div>\n\t\t\t<\/div>\n\t\t<\/form>\n\t\t\t\t\t\t<\/div>\n\t\t\t\t<\/div>\n\t\t\t\t\t<\/div>\n\t\t<\/div>\n\t\t\t\t\t<\/div>\n\t\t<\/section>\n\t\t\t\t<section class=\"elementor-section elementor-top-section elementor-element elementor-element-1fff0ae elementor-section-boxed elementor-section-height-default elementor-section-height-default\" data-id=\"1fff0ae\" data-element_type=\"section\" data-e-type=\"section\">\n\t\t\t\t\t\t<div class=\"elementor-container elementor-column-gap-default\">\n\t\t\t\t\t<div class=\"elementor-column elementor-col-100 elementor-top-column elementor-element elementor-element-08424a4\" data-id=\"08424a4\" data-element_type=\"column\" data-e-type=\"column\">\n\t\t\t<div class=\"elementor-widget-wrap elementor-element-populated\">\n\t\t\t\t\t\t<div class=\"elementor-element elementor-element-6825413 elementor-align-center elementor-widget elementor-widget-button\" data-id=\"6825413\" data-element_type=\"widget\" data-e-type=\"widget\" data-widget_type=\"button.default\">\n\t\t\t\t<div class=\"elementor-widget-container\">\n\t\t\t\t\t\t\t\t\t<div class=\"elementor-button-wrapper\">\n\t\t\t\t\t<a class=\"elementor-button elementor-button-link elementor-size-sm\" href=\"https:\/\/dorafilm.hu\/en\/\">\n\t\t\t\t\t\t<span class=\"elementor-button-content-wrapper\">\n\t\t\t\t\t\t\t\t\t<span class=\"elementor-button-text\">Back to the main page<\/span>\n\t\t\t\t\t<\/span>\n\t\t\t\t\t<\/a>\n\t\t\t\t<\/div>\n\t\t\t\t\t\t\t\t<\/div>\n\t\t\t\t<\/div>\n\t\t\t\t\t<\/div>\n\t\t<\/div>\n\t\t\t\t\t<\/div>\n\t\t<\/section>\n\t\t\t\t<\/div>\n\t\t","protected":false},"excerpt":{"rendered":"<p>Wedding &amp; Lifestyle photographerconnection and availability Dora S\u00e9n\u00e1s Name Dori S\u00e9n\u00e1s Phone number +36 70 779 02 06 E-mail address info@dorafilm.hu City Budapest Instagram @dorafilm.hu Facebook @DF Production Contact me &amp; Message me! Back to the main page<\/p>\n","protected":false},"author":1,"featured_media":10289,"parent":0,"menu_order":0,"comment_status":"closed","ping_status":"closed","template":"","meta":{"rank_math_title":"Contact \u2013 Dora Film Photography","rank_math_description":"Get in touch with Dora Film! Send us a message about your wedding, family photoshoot or any other photography enquiry.","rank_math_focus_keyword":"","footnotes":""},"class_list":["post-12158","page","type-page","status-publish","has-post-thumbnail","hentry"],"_links":{"self":[{"href":"https:\/\/dorafilm.hu\/en\/wp-json\/wp\/v2\/pages\/12158","targetHints":{"allow":["GET"]}}],"collection":[{"href":"https:\/\/dorafilm.hu\/en\/wp-json\/wp\/v2\/pages"}],"about":[{"href":"https:\/\/dorafilm.hu\/en\/wp-json\/wp\/v2\/types\/page"}],"author":[{"embeddable":true,"href":"https:\/\/dorafilm.hu\/en\/wp-json\/wp\/v2\/users\/1"}],"replies":[{"embeddable":true,"href":"https:\/\/dorafilm.hu\/en\/wp-json\/wp\/v2\/comments?post=12158"}],"version-history":[{"count":0,"href":"https:\/\/dorafilm.hu\/en\/wp-json\/wp\/v2\/pages\/12158\/revisions"}],"wp:featuredmedia":[{"embeddable":true,"href":"https:\/\/dorafilm.hu\/en\/wp-json\/wp\/v2\/media\/10289"}],"wp:attachment":[{"href":"https:\/\/dorafilm.hu\/en\/wp-json\/wp\/v2\/media?parent=12158"}],"curies":[{"name":"wp","href":"https:\/\/api.w.org\/{rel}","templated":true}]}}